{"id":201,"date":"2020-03-24T20:48:43","date_gmt":"2020-03-24T19:48:43","guid":{"rendered":"http:\/\/www.opencomp.hu\/?page_id=201"},"modified":"2023-04-03T23:11:30","modified_gmt":"2023-04-03T21:11:30","slug":"bemutatkozas","status":"publish","type":"page","link":"https:\/\/www.opencomp.hu\/","title":{"rendered":"Bemutatkoz\u00e1s"},"content":{"rendered":"\n<p class=\"has-text-align-justify has-normal-font-size\">Varga Tam\u00e1s vagyok, informatikus. V\u00e1llalkoz\u00f3k\u00e9nt 2005 \u00f3ta tev\u00e9kenykedem; 20 \u00e9ves szakmai tapasztalatom alatt (ebb\u0151l 10 \u00e9v multinacion\u00e1lis k\u00f6rnyezetben) az informatika sz\u00e1mos ter\u00fclet\u00e9vel foglalkoztam \u00e9s foglalkozom jelenleg is, ami id\u0151 alatt \u00fcgyfeleim megel\u00e9ged\u00e9s\u00e9t igyekeztem szem el\u0151tt tartani \u00e9s  professzion\u00e1lis szolg\u00e1ltat\u00e1sokat ny\u00fajtani. <\/p>\n\n\n<div class=\"wp-block-image is-style-rounded\">\n<figure class=\"aligncenter size-full is-resized\"><a href=\"http:\/\/www.opencomp.hu\/wp-content\/uploads\/2022\/11\/287781767_797448588327628_5429208756612675230_n-1-e1667333056263.jpg\"><img loading=\"lazy\" decoding=\"async\" src=\"http:\/\/www.opencomp.hu\/wp-content\/uploads\/2022\/11\/287781767_797448588327628_5429208756612675230_n-1-e1667333056263.jpg\" alt=\"\" class=\"wp-image-390\" width=\"252\" height=\"229\"\/><\/a><\/figure>\n<\/div>\n\n\n<p class=\"has-text-align-justify\">Miben m\u00e1s, amit ny\u00fajtani tudok? Elv\u00e1llalok olyan (kis) probl\u00e9m\u00e1t is, amit a legt\u00f6bben nem &#8211; t\u00f6bbnyire eredm\u00e9nyesen. Sz\u00e1momra a &#8222;kis&#8221; munka ugyanolyan fontos, mint a nagyobb volumen\u0171  megrendel\u00e9s. A siker ennyi id\u0151 ut\u00e1n is motiv\u00e1l, \u00e9s j\u00f3 dolog, ha mind a megrendel\u0151, mind \u00e9n k\u00f6z\u00f6sen \u00f6r\u00fcl\u00fcnk az eredm\u00e9nynek. Tapasztalataim azt mutatj\u00e1k, hogy \u00e9ppen ez a ter\u00fclet az, amire kev\u00e9s a v\u00e1llalkoz\u00f3, mondv\u00e1n, nem \u00e9r ennyi energia- \u00e9s id\u0151befektet\u00e9st.  C\u00e9lom egy olyan piaci \u0171rt bet\u00f6lteni,  ami v\u00e9lem\u00e9nyem szerint fontos: a mag\u00e1nszem\u00e9lyek, a kicsi \u00e9s k\u00f6zepes v\u00e1llalkoz\u00e1sok informatikai szegmens\u00e9nek megb\u00edzhat\u00f3, biztons\u00e1gos m\u0171k\u00f6dtet\u00e9se &#8211; mindez re\u00e1lis \u00e1ron, ezzel egy\u00fctt pedig az \u00fcgyf\u00e9llel val\u00f3 j\u00f3 kapcsolat kialak\u00edt\u00e1sa.<\/p>\n\n\n\n<hr class=\"wp-block-separator has-css-opacity is-style-wide\"\/>\n\n\n\n<hr class=\"wp-block-separator has-css-opacity is-style-wide\"\/>\n\n\n\n<h5 class=\"wp-block-heading\">LinkedIn profile:  <a href=\"https:\/\/www.linkedin.com\/in\/tamas-varga-00687223\/\" target=\"_blank\" rel=\"noreferrer noopener\" aria-label=\" (opens in a new tab)\">https:\/\/www.linkedin.com\/in\/tamas-varga-00687223\/<\/a> <\/h5>\n\n\n\n<h5 class=\"wp-block-heading\">Szakmai publik\u00e1ci\u00f3im:<\/h5>\n\n\n\n<p><a href=\"http:\/\/www.opencomp.hu\/?page_id=256\" target=\"_blank\" rel=\"noreferrer noopener\" aria-label=\" (opens in a new tab)\">Use case-ek, le\u00edr\u00e1sok, howto-k<\/a><\/p>\n\n\n\n<p><\/p>\n\n\n\n<h5 class=\"wp-block-heading\">Szakmai vizsg\u00e1k:<\/h5>\n\n\n\n<ul class=\"wp-block-list\">\n<li><a href=\"https:\/\/www.linkedin.com\/in\/tamas-varga-00687223\/edit\/certification\/1336704319\/\"><\/a>Red Hat Certified Virtualization Administrator RH318 exam<\/li>\n\n\n\n<li><a href=\"https:\/\/www.linkedin.com\/in\/tamas-varga-00687223\/edit\/certification\/1336893669\/\"><\/a>Symantec Storage Foundation HA administration<\/li>\n\n\n\n<li><a href=\"https:\/\/www.linkedin.com\/in\/tamas-varga-00687223\/edit\/certification\/1338691955\/\"><\/a>EMC Networker Backup administration<\/li>\n\n\n\n<li><a href=\"https:\/\/www.linkedin.com\/in\/tamas-varga-00687223\/edit\/certification\/1336997473\/\"><\/a>Solaris System Administration for Experienced UNIX Administrators<\/li>\n\n\n\n<li><a href=\"https:\/\/www.linkedin.com\/in\/tamas-varga-00687223\/edit\/certification\/1336934481\/\"><\/a>Oracle VM for SPARC Administration<\/li>\n\n\n\n<li>CCNA (Cisco Certified Network Assistant) exam<\/li>\n\n\n\n<li><a href=\"https:\/\/www.linkedin.com\/in\/tamas-varga-00687223\/edit\/certification\/1337565326\/\"><\/a>NetApp Certified Support Engineer (NCSE) NS0-193 exam<\/li>\n\n\n\n<li><a href=\"https:\/\/www.linkedin.com\/in\/tamas-varga-00687223\/edit\/certification\/2114560120\/\"><\/a>NetApp Certificed Data Administrator (NCDA) NS0-159 exam<\/li>\n<\/ul>\n\n\n\n<p><\/p>\n","protected":false},"excerpt":{"rendered":"<p>Varga Tam\u00e1s vagyok, informatikus. V\u00e1llalkoz\u00f3k\u00e9nt 2005 \u00f3ta tev\u00e9kenykedem; 20 \u00e9ves szakmai tapasztalatom alatt (ebb\u0151l 10 \u00e9v multinacion\u00e1lis k\u00f6rnyezetben) az informatika sz\u00e1mos ter\u00fclet\u00e9vel foglalkoztam \u00e9s foglalkozom jelenleg is, ami id\u0151 alatt \u00fcgyfeleim megel\u00e9ged\u00e9s\u00e9t igyekeztem szem el\u0151tt tartani \u00e9s professzion\u00e1lis szolg\u00e1ltat\u00e1sokat ny\u00fajtani. Miben m\u00e1s, amit ny\u00fajtani tudok? Elv\u00e1llalok olyan (kis) probl\u00e9m\u00e1t is, amit a legt\u00f6bben nem &#8211; &hellip; <a href=\"https:\/\/www.opencomp.hu\/\" class=\"more-link\"><span class=\"screen-reader-text\">&#8222;Bemutatkoz\u00e1s&#8221;<\/span> b\u0151vebben<\/a><\/p>\n","protected":false},"author":1,"featured_media":0,"parent":0,"menu_order":0,"comment_status":"closed","ping_status":"closed","template":"","meta":{"footnotes":""},"class_list":["post-201","page","type-page","status-publish","hentry"],"aioseo_notices":[],"_links":{"self":[{"href":"https:\/\/www.opencomp.hu\/index.php?rest_route=\/wp\/v2\/pages\/201","targetHints":{"allow":["GET"]}}],"collection":[{"href":"https:\/\/www.opencomp.hu\/index.php?rest_route=\/wp\/v2\/pages"}],"about":[{"href":"https:\/\/www.opencomp.hu\/index.php?rest_route=\/wp\/v2\/types\/page"}],"author":[{"embeddable":true,"href":"https:\/\/www.opencomp.hu\/index.php?rest_route=\/wp\/v2\/users\/1"}],"replies":[{"embeddable":true,"href":"https:\/\/www.opencomp.hu\/index.php?rest_route=%2Fwp%2Fv2%2Fcomments&post=201"}],"version-history":[{"count":21,"href":"https:\/\/www.opencomp.hu\/index.php?rest_route=\/wp\/v2\/pages\/201\/revisions"}],"predecessor-version":[{"id":398,"href":"https:\/\/www.opencomp.hu\/index.php?rest_route=\/wp\/v2\/pages\/201\/revisions\/398"}],"wp:attachment":[{"href":"https:\/\/www.opencomp.hu\/index.php?rest_route=%2Fwp%2Fv2%2Fmedia&parent=201"}],"curies":[{"name":"wp","href":"https:\/\/api.w.org\/{rel}","templated":true}]}}