{"id":204,"date":"2020-03-24T20:51:42","date_gmt":"2020-03-24T19:51:42","guid":{"rendered":"http:\/\/www.opencomp.hu\/?page_id=204"},"modified":"2020-03-25T08:08:42","modified_gmt":"2020-03-25T07:08:42","slug":"tevekenysegek","status":"publish","type":"page","link":"https:\/\/www.opencomp.hu\/?page_id=204","title":{"rendered":"Tev\u00e9kenys\u00e9gek"},"content":{"rendered":"\n<ul class=\"wp-block-list\"><li>Sz\u00e1m\u00edt\u00f3g\u00e9pek (jav\u00edt\u00e1s, szervizel\u00e9s)<\/li><li>Perif\u00e9ri\u00e1k, alkatr\u00e9szek (beszerz\u00e9s, be\u00e9p\u00edt\u00e9s)<\/li><li>Hardver, szoftver szaktan\u00e1csad\u00e1s<\/li><li>Vezet\u00e9kes vagy WiFi h\u00e1l\u00f3zat tervez\u00e9se, ki\u00e9p\u00edt\u00e9se<\/li><li>Domain regisztr\u00e1ci\u00f3 lebonyol\u00edt\u00e1sa (.hu, .com, .eu, stb.)<\/li><li>Internet- \u00e9s adatbiztons\u00e1gi szaktan\u00e1csad\u00e1s<\/li><li>H\u00e1l\u00f3zatki\u00e9p\u00edt\u00e9s, \u00fczemeltet\u00e9s, karbantart\u00e1s, b\u0151v\u00edt\u00e9s<\/li><li>Szerver\u00e9p\u00edt\u00e9s (web-, mail-, fileszerverek, t\u0171zfalak)<\/li><li>LINUX szerverek telep\u00edt\u00e9se, \u00fczemeltet\u00e9se, karbantart\u00e1sa<\/li><li>Komplett konfigur\u00e1ci\u00f3k (beszerz\u00e9se, szervizel\u00e9se, karbantart\u00e1sa)<\/li><li><a rel=\"noreferrer noopener\" aria-label=\"Adatv\u00e9delmi megold\u00e1sok (backup), biztons\u00e1gi m\u00e1solat infrastrukt\u00fara tervez\u00e9se \u00e9s megval\u00f3s\u00edt\u00e1sa (opens in a new tab)\" href=\"http:\/\/www.opencomp.hu\/?page_id=226\" target=\"_blank\">Adatv\u00e9delmi megold\u00e1sok (backup), biztons\u00e1gi m\u00e1solat infrastrukt\u00fara tervez\u00e9se \u00e9s megval\u00f3s\u00edt\u00e1sa<\/a><\/li><li>C\u00e9gek, irod\u00e1k informatikai infrastrukt\u00far\u00e1j\u00e1nak megtervez\u00e9se, ki\u00e9p\u00edt\u00e9se<\/li><li>VPN (biztons\u00e1gos priv\u00e1t h\u00e1l\u00f3zat) kialak\u00edt\u00e1sa (irod\u00e1k k\u00f6z\u00f6tt, otthoni munk\u00e1hoz)<\/li><li>Webt\u00e1rhely-, levelez\u0151szerver-, DNS szolg\u00e1ltat\u00e1s<\/li><li>Magas rendelkez\u00e9sre \u00e1ll\u00e1s\u00fa (cluster) szerverek \u00e9p\u00edt\u00e9se<\/li><li>Virtualiz\u00e1ci\u00f3s k\u00f6rnyezet kialak\u00edt\u00e1sa, \u00fczemeltet\u00e9se<\/li><li>Otthoni sz\u00e1m\u00edt\u00f3g\u00e9pek hibaelh\u00e1r\u00edt\u00e1sa, szervize helysz\u00ednen is<\/li><li>H\u00e1l\u00f3zati monitoroz\u00f3 rendszer telep\u00edt\u00e9se<\/li><li>WiFi hotspot rendszer tervez\u00e9se, ki\u00e9p\u00edt\u00e9se<\/li><\/ul>\n\n\n\n<p><\/p>\n","protected":false},"excerpt":{"rendered":"<p>Sz\u00e1m\u00edt\u00f3g\u00e9pek (jav\u00edt\u00e1s, szervizel\u00e9s) Perif\u00e9ri\u00e1k, alkatr\u00e9szek (beszerz\u00e9s, be\u00e9p\u00edt\u00e9s) Hardver, szoftver szaktan\u00e1csad\u00e1s Vezet\u00e9kes vagy WiFi h\u00e1l\u00f3zat tervez\u00e9se, ki\u00e9p\u00edt\u00e9se Domain regisztr\u00e1ci\u00f3 lebonyol\u00edt\u00e1sa (.hu, .com, .eu, stb.) Internet- \u00e9s adatbiztons\u00e1gi szaktan\u00e1csad\u00e1s H\u00e1l\u00f3zatki\u00e9p\u00edt\u00e9s, \u00fczemeltet\u00e9s, karbantart\u00e1s, b\u0151v\u00edt\u00e9s Szerver\u00e9p\u00edt\u00e9s (web-, mail-, fileszerverek, t\u0171zfalak) LINUX szerverek telep\u00edt\u00e9se, \u00fczemeltet\u00e9se, karbantart\u00e1sa Komplett konfigur\u00e1ci\u00f3k (beszerz\u00e9se, szervizel\u00e9se, karbantart\u00e1sa) Adatv\u00e9delmi megold\u00e1sok (backup), biztons\u00e1gi m\u00e1solat infrastrukt\u00fara tervez\u00e9se \u00e9s megval\u00f3s\u00edt\u00e1sa &hellip; <a href=\"https:\/\/www.opencomp.hu\/?page_id=204\" class=\"more-link\"><span class=\"screen-reader-text\">&#8222;Tev\u00e9kenys\u00e9gek&#8221;<\/span> b\u0151vebben<\/a><\/p>\n","protected":false},"author":1,"featured_media":0,"parent":0,"menu_order":0,"comment_status":"closed","ping_status":"closed","template":"","meta":{"footnotes":""},"class_list":["post-204","page","type-page","status-publish","hentry"],"aioseo_notices":[],"_links":{"self":[{"href":"https:\/\/www.opencomp.hu\/index.php?rest_route=\/wp\/v2\/pages\/204","targetHints":{"allow":["GET"]}}],"collection":[{"href":"https:\/\/www.opencomp.hu\/index.php?rest_route=\/wp\/v2\/pages"}],"about":[{"href":"https:\/\/www.opencomp.hu\/index.php?rest_route=\/wp\/v2\/types\/page"}],"author":[{"embeddable":true,"href":"https:\/\/www.opencomp.hu\/index.php?rest_route=\/wp\/v2\/users\/1"}],"replies":[{"embeddable":true,"href":"https:\/\/www.opencomp.hu\/index.php?rest_route=%2Fwp%2Fv2%2Fcomments&post=204"}],"version-history":[{"count":5,"href":"https:\/\/www.opencomp.hu\/index.php?rest_route=\/wp\/v2\/pages\/204\/revisions"}],"predecessor-version":[{"id":253,"href":"https:\/\/www.opencomp.hu\/index.php?rest_route=\/wp\/v2\/pages\/204\/revisions\/253"}],"wp:attachment":[{"href":"https:\/\/www.opencomp.hu\/index.php?rest_route=%2Fwp%2Fv2%2Fmedia&parent=204"}],"curies":[{"name":"wp","href":"https:\/\/api.w.org\/{rel}","templated":true}]}}