{"id":206,"date":"2020-03-24T20:53:22","date_gmt":"2020-03-24T19:53:22","guid":{"rendered":"http:\/\/www.opencomp.hu\/?page_id=206"},"modified":"2023-04-10T08:25:06","modified_gmt":"2023-04-10T06:25:06","slug":"referenciak","status":"publish","type":"page","link":"https:\/\/www.opencomp.hu\/?page_id=206","title":{"rendered":"Referenci\u00e1k"},"content":{"rendered":"\n<p>Anikont Kft. &#8211; VPN kialak\u00edt\u00e1sa otthoni munk\u00e1hoz <\/p>\n\n\n\n<p>Anikont Kft. &#8211; irodai h\u00e1l\u00f3zat ki\u00e9p\u00edt\u00e9se,  teljesk\u00f6r\u0171 adatment\u00e9s<\/p>\n\n\n\n<p>EuroMotor Kft. &#8211; VPN kialak\u00edt\u00e1sa home officehoz<\/p>\n\n\n\n<p><a href=\"https:\/\/www.denalipublishing.com\/\" target=\"_blank\" rel=\"noreferrer noopener\" aria-label=\"Denali Publishing (opens in a new tab)\">Denali Publishing<\/a> &#8211; VPN ki\u00e9p\u00edt\u00e9se otthonr\u00f3l dolgoz\u00f3knak<\/p>\n\n\n\n<p><a href=\"https:\/\/rendszer.ugyfelmester.hu\/\" target=\"_blank\" rel=\"noreferrer noopener\" aria-label=\"Dew Magyarorsz\u00e1g (opens in a new tab)\">Dew Magyarorsz\u00e1g<\/a> &#8211; Szerverek \u00fczemeltet\u00e9se virtu\u00e1lis platformon<\/p>\n\n\n\n<p><a href=\"http:\/\/www.woosys.com\/\" target=\"_blank\" rel=\"noreferrer noopener\" aria-label=\"Dew Magyarorsz\u00e1g (opens in a new tab)\">Dew Magyarorsz\u00e1g<\/a> &#8211; Domainek regisztr\u00e1ci\u00f3ja, email szerver \u00e9p\u00edt\u00e9se<\/p>\n\n\n\n<p><a href=\"https:\/\/guj-autoszerviz.hu\/\" target=\"_blank\" rel=\"noreferrer noopener\" aria-label=\"Guj Aut\u00f3szerviz (opens in a new tab)\">Guj Aut\u00f3szerviz<\/a> &#8211; vizsga- \u00e9s diagnosztikai sor sz\u00e1m\u00edt\u00f3g\u00e9peinek szervize<\/p>\n\n\n\n<p>Csige Zsolt &#8211; Wifi h\u00e1l\u00f3zat kialak\u00edt\u00e1sa telephelyek k\u00f6z\u00f6tt<\/p>\n\n\n\n<p><a href=\"https:\/\/guj-autoszerviz.hu\/\" target=\"_blank\" rel=\"noreferrer noopener\" aria-label=\"Guj Aut\u00f3szerviz (opens in a new tab)\">Guj Aut\u00f3szerviz<\/a> &#8211; Wifi h\u00e1l\u00f3zat ki\u00e9p\u00edt\u00e9se telephelyek k\u00f6zt<\/p>\n\n\n\n<p>Mag\u00e1nszem\u00e9lyek otthoni PC-j\u00e9nek egyedi ki\u00e9p\u00edt\u00e9se<\/p>\n\n\n\n<p><a rel=\"noreferrer noopener\" aria-label=\"Contiki Kft. (opens in a new tab)\" href=\"http:\/\/www.contiki.hu\/\" target=\"_blank\">Contiki Kft.<\/a> &#8211; webt\u00e1rhely, weboldal \u00e9s \u00e1rkalkul\u00e1ci\u00f3 webform szolg\u00e1ltat\u00e1s<\/p>\n\n\n\n<p><a rel=\"noreferrer noopener\" aria-label=\"Beretty\u00f3\u00fajfalui Sportegyes\u00fclet (opens in a new tab)\" href=\"http:\/\/www.berettyoujfaluise.hu\/\" target=\"_blank\">Beretty\u00f3\u00fajfalui Sportegyes\u00fclet<\/a> &#8211; nyertes p\u00e1ly\u00e1zati webt\u00e1rhely \u00e9s weboldal<\/p>\n\n\n<p><iframe loading=\"lazy\" src=\"https:\/\/opencomp-1.betteruptime.com\" width=\"1000\" height=\"800\"><\/iframe><\/p>","protected":false},"excerpt":{"rendered":"<p>Anikont Kft. &#8211; VPN kialak\u00edt\u00e1sa otthoni munk\u00e1hoz Anikont Kft. &#8211; irodai h\u00e1l\u00f3zat ki\u00e9p\u00edt\u00e9se, teljesk\u00f6r\u0171 adatment\u00e9s EuroMotor Kft. &#8211; VPN kialak\u00edt\u00e1sa home officehoz Denali Publishing &#8211; VPN ki\u00e9p\u00edt\u00e9se otthonr\u00f3l dolgoz\u00f3knak Dew Magyarorsz\u00e1g &#8211; Szerverek \u00fczemeltet\u00e9se virtu\u00e1lis platformon Dew Magyarorsz\u00e1g &#8211; Domainek regisztr\u00e1ci\u00f3ja, email szerver \u00e9p\u00edt\u00e9se Guj Aut\u00f3szerviz &#8211; vizsga- \u00e9s diagnosztikai sor sz\u00e1m\u00edt\u00f3g\u00e9peinek szervize Csige Zsolt &hellip; <a href=\"https:\/\/www.opencomp.hu\/?page_id=206\" class=\"more-link\"><span class=\"screen-reader-text\">&#8222;Referenci\u00e1k&#8221;<\/span> b\u0151vebben<\/a><\/p>\n","protected":false},"author":1,"featured_media":0,"parent":0,"menu_order":0,"comment_status":"closed","ping_status":"closed","template":"","meta":{"footnotes":""},"class_list":["post-206","page","type-page","status-publish","hentry"],"aioseo_notices":[],"_links":{"self":[{"href":"https:\/\/www.opencomp.hu\/index.php?rest_route=\/wp\/v2\/pages\/206","targetHints":{"allow":["GET"]}}],"collection":[{"href":"https:\/\/www.opencomp.hu\/index.php?rest_route=\/wp\/v2\/pages"}],"about":[{"href":"https:\/\/www.opencomp.hu\/index.php?rest_route=\/wp\/v2\/types\/page"}],"author":[{"embeddable":true,"href":"https:\/\/www.opencomp.hu\/index.php?rest_route=\/wp\/v2\/users\/1"}],"replies":[{"embeddable":true,"href":"https:\/\/www.opencomp.hu\/index.php?rest_route=%2Fwp%2Fv2%2Fcomments&post=206"}],"version-history":[{"count":10,"href":"https:\/\/www.opencomp.hu\/index.php?rest_route=\/wp\/v2\/pages\/206\/revisions"}],"predecessor-version":[{"id":401,"href":"https:\/\/www.opencomp.hu\/index.php?rest_route=\/wp\/v2\/pages\/206\/revisions\/401"}],"wp:attachment":[{"href":"https:\/\/www.opencomp.hu\/index.php?rest_route=%2Fwp%2Fv2%2Fmedia&parent=206"}],"curies":[{"name":"wp","href":"https:\/\/api.w.org\/{rel}","templated":true}]}}