{"id":217,"date":"2020-03-24T21:03:14","date_gmt":"2020-03-24T20:03:14","guid":{"rendered":"http:\/\/www.opencomp.hu\/?page_id=217"},"modified":"2020-03-31T22:35:31","modified_gmt":"2020-03-31T20:35:31","slug":"kapcsolat","status":"publish","type":"page","link":"https:\/\/www.opencomp.hu\/?page_id=217","title":{"rendered":"Kapcsolat"},"content":{"rendered":"\n<p style=\"font-size:22px\" class=\"has-text-align-center\"><strong>Varga Tam\u00e1s<\/strong><\/p>\n\n\n\n<p class=\"has-text-align-center\">informatikus<br>  egy\u00e9ni v\u00e1llalkoz\u00f3<br>  C\u00e9gjegyz\u00e9ksz\u00e1m (EV sz\u00e1m): 52781560<br>  Tel.:  <a href=\"tel:+36303557438\">+36-30-355-7438<\/a><br>  Viber: <a href=\"viber:\/\/contact?number=%2B36303557438\">\u00fczenjen<\/a><br>  e-mail: <a rel=\"noreferrer noopener\" aria-label=\"info@opencomp.hu (opens in a new tab)\" href=\"mailto:info@opencomp.hu\" target=\"_blank\">info@opencomp.hu<\/a><\/p>\n\n\n\n<p class=\"has-text-align-center\">\u00cdrjon vagy h\u00edvjon! D\u00edjmentes hibafelt\u00e1r\u00e1s \u00e9s \u00e1raj\u00e1nlatk\u00e9sz\u00edt\u00e9s!<br>Kisz\u00e1ll\u00e1s helysz\u00ednre ak\u00e1r h\u00e9tv\u00e9g\u00e9n is!<\/p>\n\n\n\n\n<div class=\"wpcf7 no-js\" id=\"wpcf7-f216-o1\" lang=\"hu-HU\" dir=\"ltr\" data-wpcf7-id=\"216\">\n<div class=\"screen-reader-response\"><p role=\"status\" aria-live=\"polite\" aria-atomic=\"true\"><\/p> <ul><\/ul><\/div>\n<form action=\"\/index.php?rest_route=%2Fwp%2Fv2%2Fpages%2F217#wpcf7-f216-o1\" method=\"post\" class=\"wpcf7-form init\" aria-label=\"Kapcsolatfelv\u00e9teli \u0171rlap\" novalidate=\"novalidate\" data-status=\"init\">\n<fieldset class=\"hidden-fields-container\"><input type=\"hidden\" name=\"_wpcf7\" value=\"216\" \/><input type=\"hidden\" name=\"_wpcf7_version\" value=\"6.1.5\" \/><input type=\"hidden\" name=\"_wpcf7_locale\" value=\"hu_HU\" \/><input type=\"hidden\" name=\"_wpcf7_unit_tag\" value=\"wpcf7-f216-o1\" \/><input type=\"hidden\" name=\"_wpcf7_container_post\" value=\"0\" \/><input type=\"hidden\" name=\"_wpcf7_posted_data_hash\" value=\"\" \/><input type=\"hidden\" name=\"_wpcf7_recaptcha_response\" value=\"\" \/>\n<\/fieldset>\n<p><label> N\u00e9v (k\u00f6telez\u0151)<br \/>\n<span class=\"wpcf7-form-control-wrap\" data-name=\"your-name\"><input size=\"40\" maxlength=\"400\" class=\"wpcf7-form-control wpcf7-text wpcf7-validates-as-required\" aria-required=\"true\" aria-invalid=\"false\" value=\"\" type=\"text\" name=\"your-name\" \/><\/span> <\/label>\n<\/p>\n<p><label> Email c\u00edm (k\u00f6telez\u0151)<br \/>\n<span class=\"wpcf7-form-control-wrap\" data-name=\"your-email\"><input size=\"40\" maxlength=\"400\" class=\"wpcf7-form-control wpcf7-email wpcf7-validates-as-required wpcf7-text wpcf7-validates-as-email\" aria-required=\"true\" aria-invalid=\"false\" value=\"\" type=\"email\" name=\"your-email\" \/><\/span> <\/label>\n<\/p>\n<p><label> T\u00e1rgy<br \/>\n<span class=\"wpcf7-form-control-wrap\" data-name=\"Targy\"><select class=\"wpcf7-form-control wpcf7-select wpcf7-validates-as-required\" aria-required=\"true\" aria-invalid=\"false\" name=\"Targy\"><option value=\"\u00c1raj\u00e1nlatk\u00e9r\u00e9s\">\u00c1raj\u00e1nlatk\u00e9r\u00e9s<\/option><option value=\"\u00c9rdekl\u0151d\u00e9s\">\u00c9rdekl\u0151d\u00e9s<\/option><option value=\"Egy\u00e9b\">Egy\u00e9b<\/option><\/select><\/span> <\/label>\n<\/p>\n<p><label> \u00dczenet<br \/>\n<span class=\"wpcf7-form-control-wrap\" data-name=\"your-message\"><textarea cols=\"40\" rows=\"10\" maxlength=\"2000\" class=\"wpcf7-form-control wpcf7-textarea\" aria-invalid=\"false\" name=\"your-message\"><\/textarea><\/span> <\/label>\n<\/p>\n<p><input class=\"wpcf7-form-control wpcf7-submit has-spinner\" type=\"submit\" value=\"K\u00fcld\u00e9s\" \/>\n<\/p><div class=\"wpcf7-response-output\" aria-hidden=\"true\"><\/div>\n<\/form>\n<\/div>\n\n","protected":false},"excerpt":{"rendered":"<p>Varga Tam\u00e1s informatikus egy\u00e9ni v\u00e1llalkoz\u00f3 C\u00e9gjegyz\u00e9ksz\u00e1m (EV sz\u00e1m): 52781560 Tel.: +36-30-355-7438 Viber: \u00fczenjen e-mail: info@opencomp.hu \u00cdrjon vagy h\u00edvjon! D\u00edjmentes hibafelt\u00e1r\u00e1s \u00e9s \u00e1raj\u00e1nlatk\u00e9sz\u00edt\u00e9s!Kisz\u00e1ll\u00e1s helysz\u00ednre ak\u00e1r h\u00e9tv\u00e9g\u00e9n is!<\/p>\n","protected":false},"author":1,"featured_media":0,"parent":0,"menu_order":0,"comment_status":"closed","ping_status":"closed","template":"","meta":{"footnotes":""},"class_list":["post-217","page","type-page","status-publish","hentry"],"aioseo_notices":[],"_links":{"self":[{"href":"https:\/\/www.opencomp.hu\/index.php?rest_route=\/wp\/v2\/pages\/217","targetHints":{"allow":["GET"]}}],"collection":[{"href":"https:\/\/www.opencomp.hu\/index.php?rest_route=\/wp\/v2\/pages"}],"about":[{"href":"https:\/\/www.opencomp.hu\/index.php?rest_route=\/wp\/v2\/types\/page"}],"author":[{"embeddable":true,"href":"https:\/\/www.opencomp.hu\/index.php?rest_route=\/wp\/v2\/users\/1"}],"replies":[{"embeddable":true,"href":"https:\/\/www.opencomp.hu\/index.php?rest_route=%2Fwp%2Fv2%2Fcomments&post=217"}],"version-history":[{"count":14,"href":"https:\/\/www.opencomp.hu\/index.php?rest_route=\/wp\/v2\/pages\/217\/revisions"}],"predecessor-version":[{"id":349,"href":"https:\/\/www.opencomp.hu\/index.php?rest_route=\/wp\/v2\/pages\/217\/revisions\/349"}],"wp:attachment":[{"href":"https:\/\/www.opencomp.hu\/index.php?rest_route=%2Fwp%2Fv2%2Fmedia&parent=217"}],"curies":[{"name":"wp","href":"https:\/\/api.w.org\/{rel}","templated":true}]}}