{"id":226,"date":"2020-03-24T21:36:16","date_gmt":"2020-03-24T20:36:16","guid":{"rendered":"http:\/\/www.opencomp.hu\/?page_id=226"},"modified":"2020-03-24T21:40:33","modified_gmt":"2020-03-24T20:40:33","slug":"backup","status":"publish","type":"page","link":"https:\/\/www.opencomp.hu\/?page_id=226","title":{"rendered":"Adatv\u00e9delem, adatbiztons\u00e1g"},"content":{"rendered":"\n<p><strong>Gondolt-e m\u00e1r arra, hogy mihez kezd, ha a sz\u00e1m\u00edt\u00f3g\u00e9pe, laptopja m\u0171k\u00f6d\u00e9sk\u00e9ptelenn\u00e9 v\u00e1lik?<\/strong><\/p>\n\n\n\n<p>A v\u00e1lasz k\u00e9zenfekv\u0151 \u2013 keres egy szervizt, ahol megfelel\u0151 d\u00edjaz\u00e1s ellen\u00e9ben m\u0171k\u00f6d\u0151k\u00e9pes \u00e1llapotba hozz\u00e1k.<\/p>\n\n\n\n<p><strong>Mi t\u00f6rt\u00e9nik akkor, ha az eszk\u00f6ze t\u00e1rol\u00f3ja, merevlemeze megy t\u00f6nkre?<\/strong><\/p>\n\n\n\n<p>Cser\u00e9lni term\u00e9szetesen ezt is tudj\u00e1k, hisz ez nem nagy dolog.<\/p>\n\n\n\n<p><strong>De mi lesz a rajta t\u00e1rolt adatokkal?<\/strong><\/p>\n\n\n\n<p>A szervizek nagy t\u00f6bbs\u00e9ge ezzel nem foglalkozik. L\u00e9teznek c\u00e9gek, akik a helyre\u00e1ll\u00edt\u00e1st is v\u00e1llalj\u00e1k \u2013 nem 100%-os \u00e9s nem garant\u00e1lhat\u00f3 sikerrel. Az \u00e1ra pedig\u2026nos, az \u00e1ra sok esetben a<strong>&nbsp;teljes sz\u00e1m\u00edt\u00f3g\u00e9p, laptop \u00fajkori \u00e1r\u00e1val vetekszik.<\/strong><\/p>\n\n\n\n<p><strong>Mi t\u00f6rt\u00e9nik, ha v\u00e9letlen\u00fcl v\u00e9gleg let\u00f6r\u00f6lt egy \u00d6n sz\u00e1m\u00e1ra n\u00e9lk\u00fcl\u00f6zhetetlen f\u00e1jlt, excel t\u00e1bl\u00e1t, kimutat\u00e1st, amin lehet, hogy napokat dolgozott?<\/strong><\/p>\n\n\n\n<p><strong>Mennyire van biztons\u00e1gban az \u00d6n sz\u00e1m\u00e1ra \u00e9rz\u00e9keny adat (pl. c\u00e9ges \u00fczleti, bizalmas inform\u00e1ci\u00f3k) ilyen esetekben?<\/strong><\/p>\n\n\n\n<p><strong>Egyre k\u00ednosabb a k\u00e9rd\u00e9sek, nem igaz?<\/strong><\/p>\n\n\n\n<p>\u00d6n gondoskodik az adatai v\u00e9delm\u00e9r\u0151l? Az el\u0151bbiek figyelembev\u00e9tel\u00e9vel, \u00d6n mihez kezd ilyen esetekben? T\u00fal azon, hogy tal\u00e1n ebben a pillanatban \u2013 \u00e9s sokszor sajnos k\u00e9s\u0151n &#8211; jut esz\u00e9be a megold\u00e1s: j\u00f3 volna, ha m\u00e9g egy p\u00e9ld\u00e1ny lenne a sz\u00f3banforg\u00f3 fontos dokumentumb\u00f3l\u2026..<\/p>\n\n\n\n<p><strong>De hogyan? K\u00e9sz\u00edts\u00fcnk egy m\u00e1solatot? Ugyanabba a k\u00f6nyvt\u00e1rba? Egy pendrive-ra? Egy DVD-re? M\u00e9g t\u00f6bb k\u00e9rd\u00e9s\u2026a pendrive kicsi, elkall\u00f3dik, \u00e9s nem is megb\u00edzhat\u00f3\u2026DVD-re \u00edrni macer\u00e1s, \u00e9s ha a dokumentum v\u00e1ltozik, \u00edrhatjuk \u00fajra, \u00e1ltal\u00e1ban egy m\u00e1sik DVD-re\u2026\u00e9s mi a helyzet akkor, ha sz\u00fcks\u00e9g volna 1-2-5 h\u00f3nappal ezel\u0151tti v\u00e1ltozatra is&#8230;\u00fajabb k\u00e9rd\u00e9sek&#8230;<\/strong><\/p>\n\n\n\n<p><strong>Az elveszett adatok vissza\u00e1ll\u00edt\u00e1s\u00e1nak fajlagos k\u00f6lts\u00e9gei k\u00e9tszer-h\u00e1romszor magasabbak, mint a megel\u0151z\u00e9sre ford\u00edtott p\u00e9nz, nem besz\u00e9lve az esetleges id\u0151vesztes\u00e9g okozta k\u00e1rral.<\/strong><\/p>\n\n\n\n<div class=\"wp-block-image\"><figure class=\"aligncenter size-large\"><img loading=\"lazy\" decoding=\"async\" width=\"271\" height=\"288\" src=\"http:\/\/www.opencomp.hu\/wp-content\/uploads\/2020\/03\/Data-Backup.jpg\" alt=\"\" class=\"wp-image-227\"\/><\/figure><\/div>\n\n\n\n<p><strong>L\u00e9tezik megold\u00e1s!<\/strong><\/p>\n\n\n\n<p><a href=\"http:\/\/www.opencomp.hu\/?page_id=217\">\u00cdrjon, h\u00edvjon ! <\/a>Sz\u00e1njon r\u00e1m id\u0151t egy 10-20 perces (d\u00edjmentes) aj\u00e1nlattal \u00f6sszef\u0171z\u00f6tt besz\u00e9lget\u00e9s form\u00e1j\u00e1ban, hogy ez a probl\u00e9ma t\u00f6bb\u00e9 ne lehessen probl\u00e9ma!<\/p>\n","protected":false},"excerpt":{"rendered":"<p>Gondolt-e m\u00e1r arra, hogy mihez kezd, ha a sz\u00e1m\u00edt\u00f3g\u00e9pe, laptopja m\u0171k\u00f6d\u00e9sk\u00e9ptelenn\u00e9 v\u00e1lik? A v\u00e1lasz k\u00e9zenfekv\u0151 \u2013 keres egy szervizt, ahol megfelel\u0151 d\u00edjaz\u00e1s ellen\u00e9ben m\u0171k\u00f6d\u0151k\u00e9pes \u00e1llapotba hozz\u00e1k. Mi t\u00f6rt\u00e9nik akkor, ha az eszk\u00f6ze t\u00e1rol\u00f3ja, merevlemeze megy t\u00f6nkre? Cser\u00e9lni term\u00e9szetesen ezt is tudj\u00e1k, hisz ez nem nagy dolog. De mi lesz a rajta t\u00e1rolt adatokkal? A szervizek &hellip; <a href=\"https:\/\/www.opencomp.hu\/?page_id=226\" class=\"more-link\"><span class=\"screen-reader-text\">&#8222;Adatv\u00e9delem, adatbiztons\u00e1g&#8221;<\/span> b\u0151vebben<\/a><\/p>\n","protected":false},"author":1,"featured_media":0,"parent":0,"menu_order":0,"comment_status":"closed","ping_status":"closed","template":"","meta":{"footnotes":""},"class_list":["post-226","page","type-page","status-publish","hentry"],"aioseo_notices":[],"_links":{"self":[{"href":"https:\/\/www.opencomp.hu\/index.php?rest_route=\/wp\/v2\/pages\/226","targetHints":{"allow":["GET"]}}],"collection":[{"href":"https:\/\/www.opencomp.hu\/index.php?rest_route=\/wp\/v2\/pages"}],"about":[{"href":"https:\/\/www.opencomp.hu\/index.php?rest_route=\/wp\/v2\/types\/page"}],"author":[{"embeddable":true,"href":"https:\/\/www.opencomp.hu\/index.php?rest_route=\/wp\/v2\/users\/1"}],"replies":[{"embeddable":true,"href":"https:\/\/www.opencomp.hu\/index.php?rest_route=%2Fwp%2Fv2%2Fcomments&post=226"}],"version-history":[{"count":3,"href":"https:\/\/www.opencomp.hu\/index.php?rest_route=\/wp\/v2\/pages\/226\/revisions"}],"predecessor-version":[{"id":232,"href":"https:\/\/www.opencomp.hu\/index.php?rest_route=\/wp\/v2\/pages\/226\/revisions\/232"}],"wp:attachment":[{"href":"https:\/\/www.opencomp.hu\/index.php?rest_route=%2Fwp%2Fv2%2Fmedia&parent=226"}],"curies":[{"name":"wp","href":"https:\/\/api.w.org\/{rel}","templated":true}]}}