{"id":256,"date":"2020-03-25T08:19:34","date_gmt":"2020-03-25T07:19:34","guid":{"rendered":"http:\/\/www.opencomp.hu\/?page_id=256"},"modified":"2020-03-25T11:03:48","modified_gmt":"2020-03-25T10:03:48","slug":"blog","status":"publish","type":"page","link":"https:\/\/www.opencomp.hu\/?page_id=256","title":{"rendered":"Blog"},"content":{"rendered":"\n<h1 class=\"wp-block-heading\">Use casek<\/h1>\n\n\n\n<h2 class=\"wp-block-heading\">Mikrotik<\/h2>\n\n\n\n<ul class=\"wp-block-list\"><li> <a href=\"http:\/\/www.opencomp.hu\/?p=304\">RouterBOARD 2011UiAS-2HnD-IN \u2013 a mindentud\u00f3 router<\/a> <\/li><li> <a href=\"http:\/\/www.opencomp.hu\/?p=306\">SSTP VPN szerver Mikrotik Routerboardon<\/a> <\/li><\/ul>\n\n\n\n<p><\/p>\n\n\n\n<h2 class=\"wp-block-heading\">BSD<\/h2>\n\n\n\n<p>Ezen az oldalon k\u00edv\u00e1nom \u00f6sszegy\u0171jteni minden *BSD rendszerrel kapcsolatos \u00edr\u00e1st. Szerepeljen itt FreeBSD, OpenBSD, NetBSD, illetve ak\u00e1rmilyen m\u00e1s BSD kl\u00f3n. Al\u00e1bb OS t\u00edpusonk\u00e9nt is kategoriz\u00e1ltam az \u00edr\u00e1sokat; ami nem ker\u00fcl egyik al\u00e1 sem, ott a le\u00edrtak igazak b\u00e1rmely BSD t\u00edpusra.<\/p>\n\n\n\n<ul class=\"wp-block-list\"><li><a href=\"http:\/\/www.opencomp.hu\/?p=254\">\u00c1ltal\u00e1ban a BSD rendszerekr\u0151l<\/a><\/li><li><a href=\"http:\/\/www.opencomp.hu\/?p=264\">K\u00f6tetkezel\u00e9s \u00e9s hibat\u0171r\u0151 adatt\u00e1rol\u00e1s BSD platformon<\/a><\/li><\/ul>\n\n\n\n<h3 class=\"wp-block-heading\">FreeBSD<\/h3>\n\n\n\n<ul class=\"wp-block-list\"><li><a href=\"http:\/\/www.opencomp.hu\/?p=269\">FreeBSD 9.0 install, l\u00e9p\u00e9sr\u0151l-l\u00e9p\u00e9sre<\/a><\/li><li><a href=\"http:\/\/www.opencomp.hu\/?p=271\">FreeBSD h\u00e1l\u00f3zatkezel\u00e9s&nbsp;<\/a><\/li><li><a href=\"http:\/\/www.opencomp.hu\/?p=275\">FreeBSD csomagkezel\u00e9s \u00e9s a ports-tree<\/a><\/li><li><a href=\"http:\/\/www.opencomp.hu\/?p=282\">FreeBSD RAID megold\u00e1sok I. r\u00e9sz \u2013&nbsp; GEOM<\/a><\/li><li><a href=\"http:\/\/www.opencomp.hu\/?p=284\">FreeBSD RAID megold\u00e1sok II. r\u00e9sz \u2013&nbsp; (G)Vinum<\/a><\/li><li><a href=\"http:\/\/www.opencomp.hu\/?p=286\">FreeBSD virtualiz\u00e1ci\u00f3 (jail ezjail-lel)<\/a><\/li><li><a href=\"http:\/\/blog.xorp.hu\/freebsd-install-full-zfs-mirror-poolon\">FreeBSD 9.0 install \u2013 full ZFS mirror <\/a><a href=\"http:\/\/www.opencomp.hu\/?p=288\">poolon<\/a><\/li><\/ul>\n\n\n\n<h3 class=\"wp-block-heading\">OpenBSD<\/h3>\n\n\n\n<ul class=\"wp-block-list\"><li><a href=\"http:\/\/www.opencomp.hu\/?p=290\">OpenBSD 5.1 install, h\u00e1l\u00f3zat, csomagtelep\u00edt\u00e9s<\/a><\/li><li><a href=\"http:\/\/blog.xorp.hu\/openbsd-packet-filter\">Open<\/a><a href=\"http:\/\/www.opencomp.hu\/?p=292\">BSD t\u0171zfal (pf) \u2013 I. r\u00e9sz \u2013 alapok \u00e9s a sz\u0171r\u00e9s<\/a><\/li><li><a href=\"http:\/\/www.opencomp.hu\/?p=294\">OpenBSD t\u0171zfal (pf) \u2013 II. r\u00e9sz \u2013 NAT \u00e9s redirection<\/a><\/li><li><a href=\"http:\/\/www.opencomp.hu\/?p=296\">OpenBSD t\u0171zfal (pf) \u2013 III. r\u00e9sz \u2013 traffic shape (queueing)<\/a><\/li><li><a href=\"http:\/\/www.opencomp.hu\/?p=298\">VPN megold\u00e1sok I. \u2013 PPTP VPN szerver<\/a><\/li><li><a href=\"http:\/\/www.opencomp.hu\/?p=300\">VPN megold\u00e1sok II. \u2013 L2TP\/IPSEC VPN szerver<\/a><\/li><\/ul>\n\n\n\n<h3 class=\"wp-block-heading\">NetBSD<\/h3>\n\n\n\n<ul class=\"wp-block-list\"><li><a href=\"http:\/\/www.opencomp.hu\/?p=302\">NetBSD install RAID1 root-ra \u2013 l\u00e9p\u00e9sr\u0151l-l\u00e9p\u00e9sre<\/a><\/li><\/ul>\n\n\n\n<h2 class=\"wp-block-heading\">Egyebek<\/h2>\n\n\n\n<p>Minden egy\u00e9b, ami a fentebbi t\u00e9mak\u00f6r\u00f6kbe nem f\u00e9r bele<\/p>\n\n\n\n<ul class=\"wp-block-list\"><li><a href=\"http:\/\/www.opencomp.hu\/?p=310\">Wayteq xBook 60w ebook reader<\/a><\/li><\/ul>\n\n\n\n<p><\/p>\n","protected":false},"excerpt":{"rendered":"<p>Use casek Mikrotik RouterBOARD 2011UiAS-2HnD-IN \u2013 a mindentud\u00f3 router SSTP VPN szerver Mikrotik Routerboardon BSD Ezen az oldalon k\u00edv\u00e1nom \u00f6sszegy\u0171jteni minden *BSD rendszerrel kapcsolatos \u00edr\u00e1st. Szerepeljen itt FreeBSD, OpenBSD, NetBSD, illetve ak\u00e1rmilyen m\u00e1s BSD kl\u00f3n. Al\u00e1bb OS t\u00edpusonk\u00e9nt is kategoriz\u00e1ltam az \u00edr\u00e1sokat; ami nem ker\u00fcl egyik al\u00e1 sem, ott a le\u00edrtak igazak b\u00e1rmely BSD t\u00edpusra. &hellip; <a href=\"https:\/\/www.opencomp.hu\/?page_id=256\" class=\"more-link\"><span class=\"screen-reader-text\">&#8222;Blog&#8221;<\/span> b\u0151vebben<\/a><\/p>\n","protected":false},"author":1,"featured_media":0,"parent":0,"menu_order":0,"comment_status":"closed","ping_status":"closed","template":"","meta":{"footnotes":""},"class_list":["post-256","page","type-page","status-publish","hentry"],"aioseo_notices":[],"_links":{"self":[{"href":"https:\/\/www.opencomp.hu\/index.php?rest_route=\/wp\/v2\/pages\/256","targetHints":{"allow":["GET"]}}],"collection":[{"href":"https:\/\/www.opencomp.hu\/index.php?rest_route=\/wp\/v2\/pages"}],"about":[{"href":"https:\/\/www.opencomp.hu\/index.php?rest_route=\/wp\/v2\/types\/page"}],"author":[{"embeddable":true,"href":"https:\/\/www.opencomp.hu\/index.php?rest_route=\/wp\/v2\/users\/1"}],"replies":[{"embeddable":true,"href":"https:\/\/www.opencomp.hu\/index.php?rest_route=%2Fwp%2Fv2%2Fcomments&post=256"}],"version-history":[{"count":9,"href":"https:\/\/www.opencomp.hu\/index.php?rest_route=\/wp\/v2\/pages\/256\/revisions"}],"predecessor-version":[{"id":316,"href":"https:\/\/www.opencomp.hu\/index.php?rest_route=\/wp\/v2\/pages\/256\/revisions\/316"}],"wp:attachment":[{"href":"https:\/\/www.opencomp.hu\/index.php?rest_route=%2Fwp%2Fv2%2Fmedia&parent=256"}],"curies":[{"name":"wp","href":"https:\/\/api.w.org\/{rel}","templated":true}]}}